{"id":69,"date":"2015-08-22T14:11:47","date_gmt":"2015-08-22T13:11:47","guid":{"rendered":"http:\/\/moerland.synology.me\/wordpress\/?page_id=22"},"modified":"2015-08-22T14:11:47","modified_gmt":"2015-08-22T13:11:47","slug":"florida","status":"publish","type":"page","link":"https:\/\/moerland.top\/?page_id=69","title":{"rendered":"Florida"},"content":{"rendered":"\n<p><b>Florida<\/b>&nbsp;is een van de&nbsp;<a title=\"Staten van de Verenigde Staten\" href=\"https:\/\/nl.wikipedia.org\/wiki\/Staten_van_de_Verenigde_Staten\">staten van de Verenigde Staten<\/a>&nbsp;en ligt in het zuidoosten van het land. Het heeft een&nbsp;subtropisch klimaat. De naam is afgeleid van de&nbsp;Spaanse&nbsp;naam&nbsp;<i>La Florida<\/i>&nbsp;(<i>De Bloemrijke<\/i>), waarbij de klemtoon echter niet op de i maar op de o is komen te liggen. Veel gepensioneerde Amerikanen vestigen zich in Florida. De meest gesproken talen zijn&nbsp;Engels&nbsp;en&nbsp;Spaans.<\/p>\n\n\n\n<div class=\"wp-block-image\"><figure class=\"alignright size-large is-resized\"><img loading=\"lazy\" decoding=\"async\" src=\"http:\/\/moerland.synology.me\/wordpress\/wp-content\/uploads\/2021\/10\/1817-Map-of-Florida-844x1024.jpg\" alt=\"\" class=\"wp-image-3962\" width=\"422\" height=\"512\"\/><\/figure><\/div>\n\n\n\n<p>Florida werd in&nbsp;1513&nbsp;door&nbsp;Juan Ponce de Le\u00f3n&nbsp;ontdekt. Daarna verkenden andere ontdekkingsreizigers het gebied. Onder anderen waren dat&nbsp;P\u00e1nfilo de Narv\u00e1ez&nbsp;&#8211; in&nbsp;1528&nbsp;&#8211; en&nbsp;Hernando de Soto&nbsp;tussen&nbsp;1539&nbsp;en&nbsp;1542. Daarna hebben nog vele anderen Florida verder verkend. In&nbsp;1556&nbsp;stichtte&nbsp;Pedro Men\u00e9ndez de Avil\u00e9s&nbsp;St-Augustine, de oudste nog bestaande door Europese kolonisten gestichte permanente vestiging in de VS. In&nbsp;1586&nbsp;ging&nbsp;Francis Drake&nbsp;naar Florida en verwoestte St-Augustine. In&nbsp;1607&nbsp;vestigden de&nbsp;Engelsen&nbsp;zich in&nbsp;Virginia. Daardoor werden de&nbsp;Spanjaarden&nbsp;naar het zuidoosten verdreven. Daarna trokken de Engelsen verder naar het zuiden en moesten de Spanjaarden het opgeven in 1763. De Engelsen verdeelden Florida in oost- en west-Florida. In&nbsp;1783&nbsp;viel het gebied weer in handen van de Spanjaarden, maar in&nbsp;1819&nbsp;werden de Spanjaarden door het&nbsp;Adams-On\u00edsverdraggedwongen Florida aan de V.S. te geven. Dat kwam doordat&nbsp;Andrew Jackson&nbsp;in&nbsp;1818&nbsp;Florida was binnengevallen. Toen kwamen er veel blanken in Florida wonen, die problemen kregen met de Indianen. Daardoor begon de&nbsp;Seminolenoorlog&nbsp;die van&nbsp;1835&nbsp;tot&nbsp;1842&nbsp;duurde. In&nbsp;1845&nbsp;werd Florida de 27e staat van de V.S.<\/p>\n\n\n\n<p>Tijdens de&nbsp;burgeroorlog&nbsp;hoorde Florida bij het zuiden. Een poging van het Unieleger om de staat te veroveren en de slaven te bevrijden mislukte op&nbsp;20 februari&nbsp;1864&nbsp;toen generaal Joseph Finegan de noordelijken versloeg in de&nbsp;Slag bij Olustee. Daarna bleef de staat tot het einde van de burgeroorlog in handen van de Confederatie.<\/p>\n\n\n\n<p>Na de burgeroorlog werd Florida een welvarende staat. Wegens het aangename klimaat vestigden er zich veel gepensioneerden. Daarnaast is in de omgeving van&nbsp;Miami&nbsp;een grote Cubaanse ballingengemeenschap ontstaan.<\/p>\n\n\n\n<hr class=\"wp-block-separator\"\/>\n\n\n\n<p><em>Bron: Wikipedia<\/em><\/p>\n","protected":false},"excerpt":{"rendered":"<p>Florida&nbsp;is een van de&nbsp;staten van de Verenigde Staten&nbsp;en ligt in het zuidoosten van het land. Het heeft een&nbsp;subtropisch klimaat. De naam is afgeleid van de&nbsp;Spaanse&nbsp;naam&nbsp;La Florida&nbsp;(De Bloemrijke), waarbij de klemtoon echter niet op de i maar op de o is komen te liggen. Veel gepensioneerde Amerikanen vestigen zich in Florida. De meest gesproken talen zijn&nbsp;Engels&nbsp;en&nbsp;Spaans. [&hellip;]<\/p>\n","protected":false},"author":1,"featured_media":0,"parent":0,"menu_order":0,"comment_status":"closed","ping_status":"closed","template":"","meta":{"footnotes":""},"class_list":["post-69","page","type-page","status-publish","hentry","eq-blocks"],"jetpack-related-posts":[{"id":2622,"url":"https:\/\/moerland.top\/?page_id=2622","url_meta":{"origin":69,"position":0},"title":"About","author":"Mark","date":"30 september 2018","format":false,"excerpt":"About Us Dol op vakantie waarbij de wintersport boven op onze lijst staat. :) Instagram Veel van de momenten worden hier gepost. Facebook Lijkt een beetje op zijn retour... Our story #plezier #ontspanning #weesaardig #respecteer #geniet #gezin #harmonie #wintersport #oostenrijk #apresski #skipiste #skiamade #dampfkessel #weinstadl #overnachten #lunch #diner #reis https:\/\/vimeo.com\/271349812","rel":"","context":"Soortgelijk bericht","block_context":{"text":"Soortgelijk bericht","link":""},"img":{"alt_text":"","src":"","width":0,"height":0},"classes":[]},{"id":7192,"url":"https:\/\/moerland.top\/?page_id=7192","url_meta":{"origin":69,"position":1},"title":"WEETJES OOSTENRIJK","author":"Mark","date":"28 september 2020","format":false,"excerpt":"Krijttekens boven de huisdeuren in Oostenrijk \u201cDe letters staan voor de Latijnse zegenspreuk: \u201cChristus Mansionem Benedicat\u201d. Dat betekent: \u201cChristus zegene dit huis\u201d. De letters verwijzen ook naar de initialen van Caspar, Melchior en Balthasar, de drie wijzen uit het oosten, die mede achtergrond geven aan dit gebruik. Zij zijn de\u2026","rel":"","context":"Soortgelijk bericht","block_context":{"text":"Soortgelijk bericht","link":""},"img":{"alt_text":"","src":"","width":0,"height":0},"classes":[]},{"id":2895,"url":"https:\/\/moerland.top\/?page_id=2895","url_meta":{"origin":69,"position":2},"title":"NATIONALFEIERTAG","author":"Mark","date":"26 oktober 2019","format":false,"excerpt":"Waarom is 26 oktober Nationalfeiertag in Oostenrijk?\u00a0 Nationalfeiertag viert men jaarlijks op 26 oktober als herinnering aan de \u2018verklaring van altijddurende neutraliteit\u2019 die in 1955 werd getekend. Gezien Oostenrijk door onze passie voor de wintersport een soort tweede thuis is, leggen we het land graag ook een keertje onder de\u2026","rel":"","context":"Soortgelijk bericht","block_context":{"text":"Soortgelijk bericht","link":""},"img":{"alt_text":"","src":"","width":0,"height":0},"classes":[]},{"id":3,"url":"https:\/\/moerland.top\/?page_id=3","url_meta":{"origin":69,"position":3},"title":"Privacybeleid","author":"Mark","date":"28 augustus 2023","format":false,"excerpt":"Wie zijn we Ons site adres is: https:\/\/moerland.top. Reacties Als bezoekers reacties achterlaten op de site, verzamelen we de gegevens getoond in het reactieformulier, het IP-adres van de bezoeker en de browser user agent om te helpen spam te detecteren. Een geanonimiseerde string, gemaakt op basis van je e-mailadres (dit\u2026","rel":"","context":"Soortgelijk bericht","block_context":{"text":"Soortgelijk bericht","link":""},"img":{"alt_text":"","src":"","width":0,"height":0},"classes":[]}],"jetpack_sharing_enabled":true,"_links":{"self":[{"href":"https:\/\/moerland.top\/index.php?rest_route=\/wp\/v2\/pages\/69","targetHints":{"allow":["GET"]}}],"collection":[{"href":"https:\/\/moerland.top\/index.php?rest_route=\/wp\/v2\/pages"}],"about":[{"href":"https:\/\/moerland.top\/index.php?rest_route=\/wp\/v2\/types\/page"}],"author":[{"embeddable":true,"href":"https:\/\/moerland.top\/index.php?rest_route=\/wp\/v2\/users\/1"}],"replies":[{"embeddable":true,"href":"https:\/\/moerland.top\/index.php?rest_route=%2Fwp%2Fv2%2Fcomments&post=69"}],"version-history":[{"count":0,"href":"https:\/\/moerland.top\/index.php?rest_route=\/wp\/v2\/pages\/69\/revisions"}],"wp:attachment":[{"href":"https:\/\/moerland.top\/index.php?rest_route=%2Fwp%2Fv2%2Fmedia&parent=69"}],"curies":[{"name":"wp","href":"https:\/\/api.w.org\/{rel}","templated":true}]}}